{"id":25789,"date":"2022-10-20T09:37:06","date_gmt":"2022-10-20T07:37:06","guid":{"rendered":"https:\/\/www.elyam.com\/?page_id=25789"},"modified":"2022-10-20T09:51:29","modified_gmt":"2022-10-20T07:51:29","slug":"f-a-q","status":"publish","type":"page","link":"https:\/\/www.elyam.com\/?page_id=25789","title":{"rendered":"F.A.Q"},"content":{"rendered":"\t\t<div data-elementor-type=\"wp-page\" data-elementor-id=\"25789\" class=\"elementor elementor-25789\">\n\t\t\t\t\t\t<section class=\"elementor-section elementor-top-section elementor-element elementor-element-fbc1a74 elementor-section-boxed elementor-section-height-default elementor-section-height-default wpr-particle-no wpr-jarallax-no wpr-parallax-no wpr-sticky-section-no\" data-id=\"fbc1a74\" data-element_type=\"section\" data-e-type=\"section\">\n\t\t\t\t\t\t<div class=\"elementor-container elementor-column-gap-no\">\n\t\t\t\t\t<div class=\"elementor-column elementor-col-100 elementor-top-column elementor-element elementor-element-7ca68b6\" data-id=\"7ca68b6\" data-element_type=\"column\" data-e-type=\"column\">\n\t\t\t<div class=\"elementor-widget-wrap elementor-element-populated\">\n\t\t\t\t\t\t<div class=\"elementor-element elementor-element-f5479ae elementor-widget__width-auto elementor-widget elementor-widget-heading\" data-id=\"f5479ae\" data-element_type=\"widget\" data-e-type=\"widget\" data-widget_type=\"heading.default\">\n\t\t\t\t<div class=\"elementor-widget-container\">\n\t\t\t\t\t<h1 class=\"elementor-heading-title elementor-size-default\">F.A.Q<\/h1>\t\t\t\t<\/div>\n\t\t\t\t<\/div>\n\t\t\t\t<div class=\"elementor-element elementor-element-9fb9915 elementor-absolute elementor-widget elementor-widget-image\" data-id=\"9fb9915\" data-element_type=\"widget\" data-e-type=\"widget\" data-settings=\"{&quot;_position&quot;:&quot;absolute&quot;}\" data-widget_type=\"image.default\">\n\t\t\t\t<div class=\"elementor-widget-container\">\n\t\t\t\t\t\t\t\t\t\t\t\t\t\t\t<img fetchpriority=\"high\" decoding=\"async\" width=\"400\" height=\"192\" src=\"https:\/\/www.elyam.com\/wp-content\/uploads\/2020\/10\/pattern.png\" class=\"attachment-large size-large wp-image-77\" alt=\"\" srcset=\"https:\/\/www.elyam.com\/wp-content\/uploads\/2020\/10\/pattern.png 400w, https:\/\/www.elyam.com\/wp-content\/uploads\/2020\/10\/pattern-300x144.png 300w\" sizes=\"(max-width: 400px) 100vw, 400px\" \/>\t\t\t\t\t\t\t\t\t\t\t\t\t\t\t<\/div>\n\t\t\t\t<\/div>\n\t\t\t\t<div class=\"elementor-element elementor-element-6991c9e elementor-widget elementor-widget-text-editor\" data-id=\"6991c9e\" data-element_type=\"widget\" data-e-type=\"widget\" data-widget_type=\"text-editor.default\">\n\t\t\t\t<div class=\"elementor-widget-container\">\n\t\t\t\t\t\t\t\t\t<p>Nous r\u00e9pondons \u00e0 toutes vos questions !\u00a0<\/p>\t\t\t\t\t\t\t\t<\/div>\n\t\t\t\t<\/div>\n\t\t\t\t\t<\/div>\n\t\t<\/div>\n\t\t\t\t\t<\/div>\n\t\t<\/section>\n\t\t\t\t<section class=\"elementor-section elementor-top-section elementor-element elementor-element-8832256 elementor-section-boxed elementor-section-height-default elementor-section-height-default wpr-particle-no wpr-jarallax-no wpr-parallax-no wpr-sticky-section-no\" data-id=\"8832256\" data-element_type=\"section\" data-e-type=\"section\">\n\t\t\t\t\t\t<div class=\"elementor-container elementor-column-gap-no\">\n\t\t\t\t\t<div class=\"elementor-column elementor-col-100 elementor-top-column elementor-element elementor-element-9d01362\" data-id=\"9d01362\" data-element_type=\"column\" data-e-type=\"column\">\n\t\t\t<div class=\"elementor-widget-wrap elementor-element-populated\">\n\t\t\t\t\t\t<div class=\"elementor-element elementor-element-48480bc elementor-widget elementor-widget-heading\" data-id=\"48480bc\" data-element_type=\"widget\" data-e-type=\"widget\" data-widget_type=\"heading.default\">\n\t\t\t\t<div class=\"elementor-widget-container\">\n\t\t\t\t\t<h2 class=\"elementor-heading-title elementor-size-default\">Pourquoi choisir un centre d\u2019appels localis\u00e9 en ISRAEL ?\n<\/h2>\t\t\t\t<\/div>\n\t\t\t\t<\/div>\n\t\t\t\t<div class=\"elementor-element elementor-element-736bc21 elementor-widget elementor-widget-text-editor\" data-id=\"736bc21\" data-element_type=\"widget\" data-e-type=\"widget\" data-widget_type=\"text-editor.default\">\n\t\t\t\t<div class=\"elementor-widget-container\">\n\t\t\t\t\t\t\t\t\t<p>Pour diff\u00e9rentes raisons, ISRAEL est un pays qui repr\u00e9sente plusieurs avantages :<\/p><ul><li>Tout d\u2019abord le niveau important des collaborateurs : BAC + 3 au minimum, exp\u00e9rience professionnelle dans leur pays d\u2019origine qui leur permet de maitriser la langue bien sur, mais aussi la culture du pays.<\/li><\/ul><ul><li>Une \u00e9conomie importante sur le cout d\u2019un salari\u00e9 \u00e0 comp\u00e9tences \u00e9gales, embauch\u00e9 en interne.<\/li><\/ul><ul><li>La possibilit\u00e9 de mettre en place de mani\u00e8re compl\u00e8tement homog\u00e8ne des plateaux \u00e0 l\u2019international.<\/li><\/ul>\t\t\t\t\t\t\t\t<\/div>\n\t\t\t\t<\/div>\n\t\t\t\t<section class=\"elementor-section elementor-inner-section elementor-element elementor-element-eeb73ba elementor-section-boxed elementor-section-height-default elementor-section-height-default wpr-particle-no wpr-jarallax-no wpr-parallax-no wpr-sticky-section-no\" data-id=\"eeb73ba\" data-element_type=\"section\" data-e-type=\"section\">\n\t\t\t\t\t\t<div class=\"elementor-container elementor-column-gap-no\">\n\t\t\t\t\t<div class=\"elementor-column elementor-col-100 elementor-inner-column elementor-element elementor-element-c11f5ac\" data-id=\"c11f5ac\" data-element_type=\"column\" data-e-type=\"column\">\n\t\t\t<div class=\"elementor-widget-wrap elementor-element-populated\">\n\t\t\t\t\t\t<div class=\"elementor-element elementor-element-d83aebe elementor-position-right elementor-vertical-align-middle elementor-widget elementor-widget-image-box\" data-id=\"d83aebe\" data-element_type=\"widget\" data-e-type=\"widget\" data-widget_type=\"image-box.default\">\n\t\t\t\t<div class=\"elementor-widget-container\">\n\t\t\t\t\t<div class=\"elementor-image-box-wrapper\"><figure class=\"elementor-image-box-img\"><img decoding=\"async\" width=\"844\" height=\"1000\" src=\"https:\/\/www.elyam.com\/wp-content\/uploads\/2022\/10\/Sans-titre-7.png\" class=\"attachment-full size-full wp-image-25734\" alt=\"\" srcset=\"https:\/\/www.elyam.com\/wp-content\/uploads\/2022\/10\/Sans-titre-7.png 844w, https:\/\/www.elyam.com\/wp-content\/uploads\/2022\/10\/Sans-titre-7-600x711.png 600w, https:\/\/www.elyam.com\/wp-content\/uploads\/2022\/10\/Sans-titre-7-253x300.png 253w, https:\/\/www.elyam.com\/wp-content\/uploads\/2022\/10\/Sans-titre-7-768x910.png 768w\" sizes=\"(max-width: 844px) 100vw, 844px\" \/><\/figure><div class=\"elementor-image-box-content\"><h3 class=\"elementor-image-box-title\">Quels sont vos arguments pour assurer la r\u00e9ussite d\u2019une mission ?<\/h3><p class=\"elementor-image-box-description\">Tout d\u2019abord, une motivation \u00e0 toute \u00e9preuve coupl\u00e9e avec un haut niveau de comp\u00e9tences des collaborateurs. Nous assurons des formations permanentes et notre seule mission est la parfaite satisfaction de nos partenaires.\nNous avons compris qu\u2019un partenaire satisfait peut en g\u00e9n\u00e9rer 5 autres.\nNotre ambition est de cr\u00e9er un lien solide avec le partenaire afin d\u2019\u00e9tablir une relation saine et p\u00e9renne.<\/p><\/div><\/div>\t\t\t\t<\/div>\n\t\t\t\t<\/div>\n\t\t\t\t<div class=\"elementor-element elementor-element-efb793c elementor-widget__width-auto elementor-absolute elementor-widget elementor-widget-image\" data-id=\"efb793c\" data-element_type=\"widget\" data-e-type=\"widget\" data-settings=\"{&quot;_position&quot;:&quot;absolute&quot;}\" data-widget_type=\"image.default\">\n\t\t\t\t<div class=\"elementor-widget-container\">\n\t\t\t\t\t\t\t\t\t\t\t\t\t\t\t<img fetchpriority=\"high\" decoding=\"async\" width=\"400\" height=\"192\" src=\"https:\/\/www.elyam.com\/wp-content\/uploads\/2020\/10\/pattern.png\" class=\"attachment-large size-large wp-image-77\" alt=\"\" srcset=\"https:\/\/www.elyam.com\/wp-content\/uploads\/2020\/10\/pattern.png 400w, https:\/\/www.elyam.com\/wp-content\/uploads\/2020\/10\/pattern-300x144.png 300w\" sizes=\"(max-width: 400px) 100vw, 400px\" \/>\t\t\t\t\t\t\t\t\t\t\t\t\t\t\t<\/div>\n\t\t\t\t<\/div>\n\t\t\t\t<div class=\"elementor-element elementor-element-6960732 elementor-widget__width-auto elementor-absolute elementor-widget elementor-widget-image\" data-id=\"6960732\" data-element_type=\"widget\" data-e-type=\"widget\" data-settings=\"{&quot;_position&quot;:&quot;absolute&quot;}\" data-widget_type=\"image.default\">\n\t\t\t\t<div class=\"elementor-widget-container\">\n\t\t\t\t\t\t\t\t\t\t\t\t\t\t\t<img fetchpriority=\"high\" decoding=\"async\" width=\"400\" height=\"192\" src=\"https:\/\/www.elyam.com\/wp-content\/uploads\/2020\/10\/pattern.png\" class=\"attachment-large size-large wp-image-77\" alt=\"\" srcset=\"https:\/\/www.elyam.com\/wp-content\/uploads\/2020\/10\/pattern.png 400w, https:\/\/www.elyam.com\/wp-content\/uploads\/2020\/10\/pattern-300x144.png 300w\" sizes=\"(max-width: 400px) 100vw, 400px\" \/>\t\t\t\t\t\t\t\t\t\t\t\t\t\t\t<\/div>\n\t\t\t\t<\/div>\n\t\t\t\t\t<\/div>\n\t\t<\/div>\n\t\t\t\t\t<\/div>\n\t\t<\/section>\n\t\t\t\t<section class=\"elementor-section elementor-inner-section elementor-element elementor-element-f6528d2 elementor-section-boxed elementor-section-height-default elementor-section-height-default wpr-particle-no wpr-jarallax-no wpr-parallax-no wpr-sticky-section-no\" data-id=\"f6528d2\" data-element_type=\"section\" data-e-type=\"section\">\n\t\t\t\t\t\t<div class=\"elementor-container elementor-column-gap-no\">\n\t\t\t\t\t<div class=\"elementor-column elementor-col-100 elementor-inner-column elementor-element elementor-element-1d6c9db\" data-id=\"1d6c9db\" data-element_type=\"column\" data-e-type=\"column\">\n\t\t\t<div class=\"elementor-widget-wrap elementor-element-populated\">\n\t\t\t\t\t\t<div class=\"elementor-element elementor-element-8defa51 elementor-position-left elementor-vertical-align-middle elementor-widget elementor-widget-image-box\" data-id=\"8defa51\" data-element_type=\"widget\" data-e-type=\"widget\" data-widget_type=\"image-box.default\">\n\t\t\t\t<div class=\"elementor-widget-container\">\n\t\t\t\t\t<div class=\"elementor-image-box-wrapper\"><figure class=\"elementor-image-box-img\"><img decoding=\"async\" width=\"360\" height=\"480\" src=\"https:\/\/www.elyam.com\/wp-content\/uploads\/2022\/10\/equipe-dediee-1.jpg\" class=\"attachment-full size-full wp-image-25791\" alt=\"\" srcset=\"https:\/\/www.elyam.com\/wp-content\/uploads\/2022\/10\/equipe-dediee-1.jpg 360w, https:\/\/www.elyam.com\/wp-content\/uploads\/2022\/10\/equipe-dediee-1-225x300.jpg 225w\" sizes=\"(max-width: 360px) 100vw, 360px\" \/><\/figure><div class=\"elementor-image-box-content\"><h3 class=\"elementor-image-box-title\">Quels moyens mettez-vous \u00e0 la disposition de vos partenaires ?<\/h3><p class=\"elementor-image-box-description\">Permettez-moi de donner quelques chiffres :\n\n<li> 17 ann\u00e9es d\u2019exp\u00e9rience dans la relation client\n<li> 120 positions \n<li> 3 Centre de production en ISRAEL\n<li> 2.6 millions d\u2019appels sortants par an<\/p><\/div><\/div>\t\t\t\t<\/div>\n\t\t\t\t<\/div>\n\t\t\t\t\t<\/div>\n\t\t<\/div>\n\t\t\t\t\t<\/div>\n\t\t<\/section>\n\t\t\t\t\t<\/div>\n\t\t<\/div>\n\t\t\t\t\t<\/div>\n\t\t<\/section>\n\t\t\t\t<\/div>\n\t\t","protected":false},"excerpt":{"rendered":"<p>F.A.Q Nous r\u00e9pondons \u00e0 toutes vos questions !\u00a0 Pourquoi choisir un centre d\u2019appels localis\u00e9 en ISRAEL ? Pour diff\u00e9rentes raisons, ISRAEL est un pays qui repr\u00e9sente plusieurs avantages : Tout d\u2019abord le niveau important des collaborateurs : BAC + 3 au minimum, exp\u00e9rience professionnelle dans leur pays d\u2019origine qui leur permet de maitriser la langue &hellip;<\/p>\n<p class=\"read-more\"> <a class=\"\" href=\"https:\/\/www.elyam.com\/?page_id=25789\"> <span class=\"screen-reader-text\">F.A.Q<\/span> Lire la suite\u00a0\u00bb<\/a><\/p>\n","protected":false},"author":1,"featured_media":0,"parent":0,"menu_order":0,"comment_status":"closed","ping_status":"closed","template":"","meta":{"_uag_custom_page_level_css":"","site-sidebar-layout":"no-sidebar","site-content-layout":"page-builder","ast-global-header-display":"","ast-main-header-display":"","ast-hfb-above-header-display":"","ast-hfb-below-header-display":"","ast-hfb-mobile-header-display":"","site-post-title":"disabled","ast-breadcrumbs-content":"","ast-featured-img":"disabled","footer-sml-layout":"","theme-transparent-header-meta":"default","adv-header-id-meta":"","stick-header-meta":"","header-above-stick-meta":"","header-main-stick-meta":"","header-below-stick-meta":"","footnotes":""},"class_list":["post-25789","page","type-page","status-publish","hentry"],"uagb_featured_image_src":{"full":false,"thumbnail":false,"medium":false,"medium_large":false,"large":false,"1536x1536":false,"2048x2048":false,"woocommerce_thumbnail":false,"woocommerce_single":false,"woocommerce_gallery_thumbnail":false},"uagb_author_info":{"display_name":"elyamteweb","author_link":"https:\/\/www.elyam.com\/?author=1"},"uagb_comment_info":0,"uagb_excerpt":"F.A.Q Nous r\u00e9pondons \u00e0 toutes vos questions !\u00a0 Pourquoi choisir un centre d\u2019appels localis\u00e9 en ISRAEL ? Pour diff\u00e9rentes raisons, ISRAEL est un pays qui repr\u00e9sente plusieurs avantages : Tout d\u2019abord le niveau important des collaborateurs : BAC + 3 au minimum, exp\u00e9rience professionnelle dans leur pays d\u2019origine qui leur permet de maitriser la langue\u2026","_links":{"self":[{"href":"https:\/\/www.elyam.com\/index.php?rest_route=\/wp\/v2\/pages\/25789","targetHints":{"allow":["GET"]}}],"collection":[{"href":"https:\/\/www.elyam.com\/index.php?rest_route=\/wp\/v2\/pages"}],"about":[{"href":"https:\/\/www.elyam.com\/index.php?rest_route=\/wp\/v2\/types\/page"}],"author":[{"embeddable":true,"href":"https:\/\/www.elyam.com\/index.php?rest_route=\/wp\/v2\/users\/1"}],"replies":[{"embeddable":true,"href":"https:\/\/www.elyam.com\/index.php?rest_route=%2Fwp%2Fv2%2Fcomments&post=25789"}],"version-history":[{"count":4,"href":"https:\/\/www.elyam.com\/index.php?rest_route=\/wp\/v2\/pages\/25789\/revisions"}],"predecessor-version":[{"id":25794,"href":"https:\/\/www.elyam.com\/index.php?rest_route=\/wp\/v2\/pages\/25789\/revisions\/25794"}],"wp:attachment":[{"href":"https:\/\/www.elyam.com\/index.php?rest_route=%2Fwp%2Fv2%2Fmedia&parent=25789"}],"curies":[{"name":"wp","href":"https:\/\/api.w.org\/{rel}","templated":true}]}}