{"id":104,"date":"2020-10-07T07:59:03","date_gmt":"2020-10-07T05:59:03","guid":{"rendered":"https:\/\/www.elyam.com\/?page_id=104"},"modified":"2022-10-19T12:20:41","modified_gmt":"2022-10-19T10:20:41","slug":"expertise","status":"publish","type":"page","link":"https:\/\/www.elyam.com\/?page_id=104","title":{"rendered":"Expertise"},"content":{"rendered":"\t\t<div data-elementor-type=\"wp-page\" data-elementor-id=\"104\" class=\"elementor elementor-104\">\n\t\t\t\t\t\t<section class=\"elementor-section elementor-top-section elementor-element elementor-element-fbc1a74 elementor-section-boxed elementor-section-height-default elementor-section-height-default wpr-particle-no wpr-jarallax-no wpr-parallax-no wpr-sticky-section-no\" data-id=\"fbc1a74\" data-element_type=\"section\" data-e-type=\"section\">\n\t\t\t\t\t\t<div class=\"elementor-container elementor-column-gap-no\">\n\t\t\t\t\t<div class=\"elementor-column elementor-col-100 elementor-top-column elementor-element elementor-element-7ca68b6\" data-id=\"7ca68b6\" data-element_type=\"column\" data-e-type=\"column\">\n\t\t\t<div class=\"elementor-widget-wrap elementor-element-populated\">\n\t\t\t\t\t\t<div class=\"elementor-element elementor-element-f5479ae elementor-widget__width-auto elementor-widget elementor-widget-heading\" data-id=\"f5479ae\" data-element_type=\"widget\" data-e-type=\"widget\" data-widget_type=\"heading.default\">\n\t\t\t\t<div class=\"elementor-widget-container\">\n\t\t\t\t\t<h1 class=\"elementor-heading-title elementor-size-default\">Expertise<\/h1>\t\t\t\t<\/div>\n\t\t\t\t<\/div>\n\t\t\t\t<div class=\"elementor-element elementor-element-9fb9915 elementor-absolute elementor-widget elementor-widget-image\" data-id=\"9fb9915\" data-element_type=\"widget\" data-e-type=\"widget\" data-settings=\"{&quot;_position&quot;:&quot;absolute&quot;}\" data-widget_type=\"image.default\">\n\t\t\t\t<div class=\"elementor-widget-container\">\n\t\t\t\t\t\t\t\t\t\t\t\t\t\t\t<img fetchpriority=\"high\" decoding=\"async\" width=\"400\" height=\"192\" src=\"https:\/\/www.elyam.com\/wp-content\/uploads\/2020\/10\/pattern.png\" class=\"attachment-large size-large wp-image-77\" alt=\"\" srcset=\"https:\/\/www.elyam.com\/wp-content\/uploads\/2020\/10\/pattern.png 400w, https:\/\/www.elyam.com\/wp-content\/uploads\/2020\/10\/pattern-300x144.png 300w\" sizes=\"(max-width: 400px) 100vw, 400px\" \/>\t\t\t\t\t\t\t\t\t\t\t\t\t\t\t<\/div>\n\t\t\t\t<\/div>\n\t\t\t\t<div class=\"elementor-element elementor-element-6991c9e elementor-widget elementor-widget-text-editor\" data-id=\"6991c9e\" data-element_type=\"widget\" data-e-type=\"widget\" data-widget_type=\"text-editor.default\">\n\t\t\t\t<div class=\"elementor-widget-container\">\n\t\t\t\t\t\t\t\t\t<p>Gr\u00e2ce \u00e0 notre exp\u00e9rience du relationnel, nous proposons d\u2019optimiser votre image et votre savoir faire.\u00a0<\/p>\t\t\t\t\t\t\t\t<\/div>\n\t\t\t\t<\/div>\n\t\t\t\t\t<\/div>\n\t\t<\/div>\n\t\t\t\t\t<\/div>\n\t\t<\/section>\n\t\t\t\t<section class=\"elementor-section elementor-top-section elementor-element elementor-element-eb47150 elementor-section-boxed elementor-section-height-default elementor-section-height-default wpr-particle-no wpr-jarallax-no wpr-parallax-no wpr-sticky-section-no\" data-id=\"eb47150\" data-element_type=\"section\" data-e-type=\"section\" data-settings=\"{&quot;background_background&quot;:&quot;classic&quot;}\">\n\t\t\t\t\t\t<div class=\"elementor-container elementor-column-gap-no\">\n\t\t\t\t\t<div class=\"elementor-column elementor-col-50 elementor-top-column elementor-element elementor-element-ef3d779\" data-id=\"ef3d779\" data-element_type=\"column\" data-e-type=\"column\" data-settings=\"{&quot;background_background&quot;:&quot;classic&quot;}\">\n\t\t\t<div class=\"elementor-widget-wrap elementor-element-populated\">\n\t\t\t\t\t\t<div class=\"elementor-element elementor-element-0bef0a8 elementor-widget elementor-widget-heading\" data-id=\"0bef0a8\" data-element_type=\"widget\" data-e-type=\"widget\" data-widget_type=\"heading.default\">\n\t\t\t\t<div class=\"elementor-widget-container\">\n\t\t\t\t\t<h2 class=\"elementor-heading-title elementor-size-default\">Polyglotte<\/h2>\t\t\t\t<\/div>\n\t\t\t\t<\/div>\n\t\t\t\t<div class=\"elementor-element elementor-element-dab001f elementor-widget elementor-widget-text-editor\" data-id=\"dab001f\" data-element_type=\"widget\" data-e-type=\"widget\" data-widget_type=\"text-editor.default\">\n\t\t\t\t<div class=\"elementor-widget-container\">\n\t\t\t\t\t\t\t\t\t<p>Touchez le monde entier<\/p>\t\t\t\t\t\t\t\t<\/div>\n\t\t\t\t<\/div>\n\t\t\t\t<div class=\"elementor-element elementor-element-2ca1594 elementor-widget elementor-widget-text-editor\" data-id=\"2ca1594\" data-element_type=\"widget\" data-e-type=\"widget\" data-widget_type=\"text-editor.default\">\n\t\t\t\t<div class=\"elementor-widget-container\">\n\t\t\t\t\t\t\t\t\t<p>Notre situation g\u00e9ographique nous permet de vous proposer de v\u00e9ritables plateaux internationaux. Avec des profils adapt\u00e9s qui ma\u00eetrisent parfaitement la langue de leur pays d\u2019origine.\u00a0Fran\u00e7ais, Anglais, Espagnol, Allemand, Hollandais, Russe, Portugais.<\/p>\t\t\t\t\t\t\t\t<\/div>\n\t\t\t\t<\/div>\n\t\t\t\t\t<\/div>\n\t\t<\/div>\n\t\t\t\t<div class=\"elementor-column elementor-col-50 elementor-top-column elementor-element elementor-element-2b4e1d0\" data-id=\"2b4e1d0\" data-element_type=\"column\" data-e-type=\"column\">\n\t\t\t<div class=\"elementor-widget-wrap elementor-element-populated\">\n\t\t\t\t\t\t<div class=\"elementor-element elementor-element-073d2ee elementor-widget__width-auto elementor-absolute elementor-widget elementor-widget-image\" data-id=\"073d2ee\" data-element_type=\"widget\" data-e-type=\"widget\" data-settings=\"{&quot;_position&quot;:&quot;absolute&quot;}\" data-widget_type=\"image.default\">\n\t\t\t\t<div class=\"elementor-widget-container\">\n\t\t\t\t\t\t\t\t\t\t\t\t\t\t\t<img decoding=\"async\" width=\"200\" height=\"489\" src=\"https:\/\/www.elyam.com\/wp-content\/uploads\/2020\/10\/pattern-v-1.png\" class=\"attachment-large size-large wp-image-145\" alt=\"\" srcset=\"https:\/\/www.elyam.com\/wp-content\/uploads\/2020\/10\/pattern-v-1.png 200w, https:\/\/www.elyam.com\/wp-content\/uploads\/2020\/10\/pattern-v-1-123x300.png 123w\" sizes=\"(max-width: 200px) 100vw, 200px\" \/>\t\t\t\t\t\t\t\t\t\t\t\t\t\t\t<\/div>\n\t\t\t\t<\/div>\n\t\t\t\t\t<\/div>\n\t\t<\/div>\n\t\t\t\t\t<\/div>\n\t\t<\/section>\n\t\t\t\t<section class=\"elementor-section elementor-top-section elementor-element elementor-element-8832256 elementor-section-boxed elementor-section-height-default elementor-section-height-default wpr-particle-no wpr-jarallax-no wpr-parallax-no wpr-sticky-section-no\" data-id=\"8832256\" data-element_type=\"section\" data-e-type=\"section\">\n\t\t\t\t\t\t<div class=\"elementor-container elementor-column-gap-no\">\n\t\t\t\t\t<div class=\"elementor-column elementor-col-100 elementor-top-column elementor-element elementor-element-9d01362\" data-id=\"9d01362\" data-element_type=\"column\" data-e-type=\"column\">\n\t\t\t<div class=\"elementor-widget-wrap elementor-element-populated\">\n\t\t\t\t\t\t<div class=\"elementor-element elementor-element-30bfbc4 elementor-widget elementor-widget-heading\" data-id=\"30bfbc4\" data-element_type=\"widget\" data-e-type=\"widget\" data-widget_type=\"heading.default\">\n\t\t\t\t<div class=\"elementor-widget-container\">\n\t\t\t\t\t<div class=\"elementor-heading-title elementor-size-default\">Les Atouts by elyam<\/div>\t\t\t\t<\/div>\n\t\t\t\t<\/div>\n\t\t\t\t<div class=\"elementor-element elementor-element-48480bc elementor-widget elementor-widget-heading\" data-id=\"48480bc\" data-element_type=\"widget\" data-e-type=\"widget\" data-widget_type=\"heading.default\">\n\t\t\t\t<div class=\"elementor-widget-container\">\n\t\t\t\t\t<h2 class=\"elementor-heading-title elementor-size-default\">Humain<\/h2>\t\t\t\t<\/div>\n\t\t\t\t<\/div>\n\t\t\t\t<div class=\"elementor-element elementor-element-736bc21 elementor-widget elementor-widget-text-editor\" data-id=\"736bc21\" data-element_type=\"widget\" data-e-type=\"widget\" data-widget_type=\"text-editor.default\">\n\t\t\t\t<div class=\"elementor-widget-container\">\n\t\t\t\t\t\t\t\t\t<p>Un recrutement de haut niveau, avec des commerciaux confirm\u00e9s.<br \/>Formation permanente dispens\u00e9e par les plus grands experts de la relation client.<\/p>\t\t\t\t\t\t\t\t<\/div>\n\t\t\t\t<\/div>\n\t\t\t\t<section class=\"elementor-section elementor-inner-section elementor-element elementor-element-eeb73ba elementor-section-boxed elementor-section-height-default elementor-section-height-default wpr-particle-no wpr-jarallax-no wpr-parallax-no wpr-sticky-section-no\" data-id=\"eeb73ba\" data-element_type=\"section\" data-e-type=\"section\">\n\t\t\t\t\t\t<div class=\"elementor-container elementor-column-gap-no\">\n\t\t\t\t\t<div class=\"elementor-column elementor-col-100 elementor-inner-column elementor-element elementor-element-c11f5ac\" data-id=\"c11f5ac\" data-element_type=\"column\" data-e-type=\"column\">\n\t\t\t<div class=\"elementor-widget-wrap elementor-element-populated\">\n\t\t\t\t\t\t<div class=\"elementor-element elementor-element-d83aebe elementor-position-right elementor-vertical-align-middle elementor-widget elementor-widget-image-box\" data-id=\"d83aebe\" data-element_type=\"widget\" data-e-type=\"widget\" data-widget_type=\"image-box.default\">\n\t\t\t\t<div class=\"elementor-widget-container\">\n\t\t\t\t\t<div class=\"elementor-image-box-wrapper\"><figure class=\"elementor-image-box-img\"><img decoding=\"async\" width=\"360\" height=\"480\" src=\"https:\/\/www.elyam.com\/wp-content\/uploads\/2022\/10\/technique.jpg\" class=\"attachment-full size-full wp-image-25745\" alt=\"\" srcset=\"https:\/\/www.elyam.com\/wp-content\/uploads\/2022\/10\/technique.jpg 360w, https:\/\/www.elyam.com\/wp-content\/uploads\/2022\/10\/technique-225x300.jpg 225w\" sizes=\"(max-width: 360px) 100vw, 360px\" \/><\/figure><div class=\"elementor-image-box-content\"><h3 class=\"elementor-image-box-title\">Technique<\/h3><p class=\"elementor-image-box-description\">ELYAM Call Center dispose d'un r\u00e9seau HP, dot\u00e9 d'une infrastructure \u00ab CENTRE DE CONTACTS \u00bb IP bas\u00e9e sur une solution multi canal - multi CRM en full service nous permettant de b\u00e9n\u00e9ficier de plusieurs avantages :\n\n<li>Rapidit\u00e9 de d\u00e9ploiement\n<li>S\u00e9curit\u00e9 et redondance des serveurs\n<li>Confidentialit\u00e9 des donn\u00e9es\n<li>Ecoutes actives et passives \u00e0 distance\n<li>Enregistrement d'appels, CRM performant, chat, co-browsing, SVI<\/p><\/div><\/div>\t\t\t\t<\/div>\n\t\t\t\t<\/div>\n\t\t\t\t<div class=\"elementor-element elementor-element-efb793c elementor-widget__width-auto elementor-absolute elementor-widget elementor-widget-image\" data-id=\"efb793c\" data-element_type=\"widget\" data-e-type=\"widget\" data-settings=\"{&quot;_position&quot;:&quot;absolute&quot;}\" data-widget_type=\"image.default\">\n\t\t\t\t<div class=\"elementor-widget-container\">\n\t\t\t\t\t\t\t\t\t\t\t\t\t\t\t<img fetchpriority=\"high\" decoding=\"async\" width=\"400\" height=\"192\" src=\"https:\/\/www.elyam.com\/wp-content\/uploads\/2020\/10\/pattern.png\" class=\"attachment-large size-large wp-image-77\" alt=\"\" srcset=\"https:\/\/www.elyam.com\/wp-content\/uploads\/2020\/10\/pattern.png 400w, https:\/\/www.elyam.com\/wp-content\/uploads\/2020\/10\/pattern-300x144.png 300w\" sizes=\"(max-width: 400px) 100vw, 400px\" \/>\t\t\t\t\t\t\t\t\t\t\t\t\t\t\t<\/div>\n\t\t\t\t<\/div>\n\t\t\t\t<div class=\"elementor-element elementor-element-6960732 elementor-widget__width-auto elementor-absolute elementor-widget elementor-widget-image\" data-id=\"6960732\" data-element_type=\"widget\" data-e-type=\"widget\" data-settings=\"{&quot;_position&quot;:&quot;absolute&quot;}\" data-widget_type=\"image.default\">\n\t\t\t\t<div class=\"elementor-widget-container\">\n\t\t\t\t\t\t\t\t\t\t\t\t\t\t\t<img fetchpriority=\"high\" decoding=\"async\" width=\"400\" height=\"192\" src=\"https:\/\/www.elyam.com\/wp-content\/uploads\/2020\/10\/pattern.png\" class=\"attachment-large size-large wp-image-77\" alt=\"\" srcset=\"https:\/\/www.elyam.com\/wp-content\/uploads\/2020\/10\/pattern.png 400w, https:\/\/www.elyam.com\/wp-content\/uploads\/2020\/10\/pattern-300x144.png 300w\" sizes=\"(max-width: 400px) 100vw, 400px\" \/>\t\t\t\t\t\t\t\t\t\t\t\t\t\t\t<\/div>\n\t\t\t\t<\/div>\n\t\t\t\t\t<\/div>\n\t\t<\/div>\n\t\t\t\t\t<\/div>\n\t\t<\/section>\n\t\t\t\t<section class=\"elementor-section elementor-inner-section elementor-element elementor-element-f6528d2 elementor-section-boxed elementor-section-height-default elementor-section-height-default wpr-particle-no wpr-jarallax-no wpr-parallax-no wpr-sticky-section-no\" data-id=\"f6528d2\" data-element_type=\"section\" data-e-type=\"section\">\n\t\t\t\t\t\t<div class=\"elementor-container elementor-column-gap-no\">\n\t\t\t\t\t<div class=\"elementor-column elementor-col-100 elementor-inner-column elementor-element elementor-element-1d6c9db\" data-id=\"1d6c9db\" data-element_type=\"column\" data-e-type=\"column\">\n\t\t\t<div class=\"elementor-widget-wrap elementor-element-populated\">\n\t\t\t\t\t\t<div class=\"elementor-element elementor-element-8defa51 elementor-position-left elementor-vertical-align-middle elementor-widget elementor-widget-image-box\" data-id=\"8defa51\" data-element_type=\"widget\" data-e-type=\"widget\" data-widget_type=\"image-box.default\">\n\t\t\t\t<div class=\"elementor-widget-container\">\n\t\t\t\t\t<div class=\"elementor-image-box-wrapper\"><figure class=\"elementor-image-box-img\"><img loading=\"lazy\" decoding=\"async\" width=\"360\" height=\"480\" src=\"https:\/\/www.elyam.com\/wp-content\/uploads\/2022\/10\/equipe-dediee.jpg\" class=\"attachment-full size-full wp-image-25746\" alt=\"\" srcset=\"https:\/\/www.elyam.com\/wp-content\/uploads\/2022\/10\/equipe-dediee.jpg 360w, https:\/\/www.elyam.com\/wp-content\/uploads\/2022\/10\/equipe-dediee-225x300.jpg 225w\" sizes=\"(max-width: 360px) 100vw, 360px\" \/><\/figure><div class=\"elementor-image-box-content\"><h3 class=\"elementor-image-box-title\">Equipe d\u00e9di\u00e9e<\/h3><p class=\"elementor-image-box-description\">Chaque \u00e9quipe est supervis\u00e9e par un Responsable qui veille au d\u00e9roulement de la mission, et \u00e0 la r\u00e9alisation des objectifs fix\u00e9s.\nIl assure une parfaite liaison entre le donneur d\u2019ordres et ELYAM.<\/p><\/div><\/div>\t\t\t\t<\/div>\n\t\t\t\t<\/div>\n\t\t\t\t\t<\/div>\n\t\t<\/div>\n\t\t\t\t\t<\/div>\n\t\t<\/section>\n\t\t\t\t\t<\/div>\n\t\t<\/div>\n\t\t\t\t\t<\/div>\n\t\t<\/section>\n\t\t\t\t<\/div>\n\t\t","protected":false},"excerpt":{"rendered":"<p>Expertise Gr\u00e2ce \u00e0 notre exp\u00e9rience du relationnel, nous proposons d\u2019optimiser votre image et votre savoir faire.\u00a0 Polyglotte Touchez le monde entier Notre situation g\u00e9ographique nous permet de vous proposer de v\u00e9ritables plateaux internationaux. Avec des profils adapt\u00e9s qui ma\u00eetrisent parfaitement la langue de leur pays d\u2019origine.\u00a0Fran\u00e7ais, Anglais, Espagnol, Allemand, Hollandais, Russe, Portugais. Les Atouts by &hellip;<\/p>\n<p class=\"read-more\"> <a class=\"\" href=\"https:\/\/www.elyam.com\/?page_id=104\"> <span class=\"screen-reader-text\">Expertise<\/span> Lire la suite\u00a0\u00bb<\/a><\/p>\n","protected":false},"author":1,"featured_media":0,"parent":0,"menu_order":0,"comment_status":"closed","ping_status":"closed","template":"","meta":{"_uag_custom_page_level_css":"","site-sidebar-layout":"no-sidebar","site-content-layout":"page-builder","ast-global-header-display":"","ast-main-header-display":"","ast-hfb-above-header-display":"","ast-hfb-below-header-display":"","ast-hfb-mobile-header-display":"","site-post-title":"disabled","ast-breadcrumbs-content":"","ast-featured-img":"disabled","footer-sml-layout":"","theme-transparent-header-meta":"default","adv-header-id-meta":"","stick-header-meta":"","header-above-stick-meta":"","header-main-stick-meta":"","header-below-stick-meta":"","footnotes":""},"class_list":["post-104","page","type-page","status-publish","hentry"],"uagb_featured_image_src":{"full":false,"thumbnail":false,"medium":false,"medium_large":false,"large":false,"1536x1536":false,"2048x2048":false,"woocommerce_thumbnail":false,"woocommerce_single":false,"woocommerce_gallery_thumbnail":false},"uagb_author_info":{"display_name":"elyamteweb","author_link":"https:\/\/www.elyam.com\/?author=1"},"uagb_comment_info":0,"uagb_excerpt":"Expertise Gr\u00e2ce \u00e0 notre exp\u00e9rience du relationnel, nous proposons d\u2019optimiser votre image et votre savoir faire.\u00a0 Polyglotte Touchez le monde entier Notre situation g\u00e9ographique nous permet de vous proposer de v\u00e9ritables plateaux internationaux. Avec des profils adapt\u00e9s qui ma\u00eetrisent parfaitement la langue de leur pays d\u2019origine.\u00a0Fran\u00e7ais, Anglais, Espagnol, Allemand, Hollandais, Russe, Portugais. Les Atouts by\u2026","_links":{"self":[{"href":"https:\/\/www.elyam.com\/index.php?rest_route=\/wp\/v2\/pages\/104","targetHints":{"allow":["GET"]}}],"collection":[{"href":"https:\/\/www.elyam.com\/index.php?rest_route=\/wp\/v2\/pages"}],"about":[{"href":"https:\/\/www.elyam.com\/index.php?rest_route=\/wp\/v2\/types\/page"}],"author":[{"embeddable":true,"href":"https:\/\/www.elyam.com\/index.php?rest_route=\/wp\/v2\/users\/1"}],"replies":[{"embeddable":true,"href":"https:\/\/www.elyam.com\/index.php?rest_route=%2Fwp%2Fv2%2Fcomments&post=104"}],"version-history":[{"count":6,"href":"https:\/\/www.elyam.com\/index.php?rest_route=\/wp\/v2\/pages\/104\/revisions"}],"predecessor-version":[{"id":25750,"href":"https:\/\/www.elyam.com\/index.php?rest_route=\/wp\/v2\/pages\/104\/revisions\/25750"}],"wp:attachment":[{"href":"https:\/\/www.elyam.com\/index.php?rest_route=%2Fwp%2Fv2%2Fmedia&parent=104"}],"curies":[{"name":"wp","href":"https:\/\/api.w.org\/{rel}","templated":true}]}}